{"id":5543,"date":"2025-04-01T01:28:41","date_gmt":"2025-04-01T04:28:41","guid":{"rendered":"https:\/\/montanitaexperiencias.com\/?post_type=product&#038;p=5543"},"modified":"2025-10-17T17:07:55","modified_gmt":"2025-10-17T20:07:55","slug":"freeway","status":"publish","type":"product","link":"https:\/\/montanitaexperiencias.com\/en\/product\/freeway\/","title":{"rendered":"Freeway"},"content":{"rendered":"<p>A perfect combination to feel in Mendoza, its river and mountains.<br \/>\nFrom our base, you will cycle to the XNOCCIO base (4km), to experience the thrill of sailing on the Mendoza River.<\/p>\n<p>We offer you a rafting tour of low complexity Class I and II (basic level), through the rapids of the Mendoza River in Cacheuta for 5kms.<br \/>\nIn the Cacheuta circuit, you will be able to experience new and very exciting sensations, which also allow you to do it with your family.<\/p>\n<p><strong>Includes:<\/strong>\u00a0MTB bike + helmet + wetsuit + transfer to the river.<\/p>\n<p><img decoding=\"async\" src=\"https:\/\/montanitarentalbike.com\/wp-content\/uploads\/2023\/03\/mapa-experiencia-bici-rafting-montanita-rental-bike.jpg\" \/><\/p>","protected":false},"excerpt":{"rendered":"<p>Una combinaci\u00f3n perfecta para sentir en Mendoza, su r\u00edo y monta\u00f1as. Desde nuestra base, te dirig\u00eds en bici hasta la de XNOCCIO (4km), para vivir la emoci\u00f3n de navegar sobre el R\u00edo Mendoza. Te ofrecemos un recorrido de rafting de complejidad baja Clase I y II (nivel b\u00e1sico), a trav\u00e9s de los r\u00e1pidos del R\u00edo [&hellip;]<\/p>","protected":false},"featured_media":5186,"comment_status":"open","ping_status":"closed","template":"","meta":{"_acf_changed":false},"product_brand":[],"product_cat":[98],"product_tag":[],"class_list":{"0":"post-5543","1":"product","2":"type-product","3":"status-publish","4":"has-post-thumbnail","6":"product_cat-sin-categorizar","8":"first","9":"instock","10":"virtual","11":"sold-individually","12":"purchasable","13":"product-type-simple"},"acf":[],"_links":{"self":[{"href":"https:\/\/montanitaexperiencias.com\/en\/wp-json\/wp\/v2\/product\/5543","targetHints":{"allow":["GET"]}}],"collection":[{"href":"https:\/\/montanitaexperiencias.com\/en\/wp-json\/wp\/v2\/product"}],"about":[{"href":"https:\/\/montanitaexperiencias.com\/en\/wp-json\/wp\/v2\/types\/product"}],"replies":[{"embeddable":true,"href":"https:\/\/montanitaexperiencias.com\/en\/wp-json\/wp\/v2\/comments?post=5543"}],"wp:featuredmedia":[{"embeddable":true,"href":"https:\/\/montanitaexperiencias.com\/en\/wp-json\/wp\/v2\/media\/5186"}],"wp:attachment":[{"href":"https:\/\/montanitaexperiencias.com\/en\/wp-json\/wp\/v2\/media?parent=5543"}],"wp:term":[{"taxonomy":"product_brand","embeddable":true,"href":"https:\/\/montanitaexperiencias.com\/en\/wp-json\/wp\/v2\/product_brand?post=5543"},{"taxonomy":"product_cat","embeddable":true,"href":"https:\/\/montanitaexperiencias.com\/en\/wp-json\/wp\/v2\/product_cat?post=5543"},{"taxonomy":"product_tag","embeddable":true,"href":"https:\/\/montanitaexperiencias.com\/en\/wp-json\/wp\/v2\/product_tag?post=5543"}],"curies":[{"name":"wp","href":"https:\/\/api.w.org\/{rel}","templated":true}]}}